{"id":131,"date":"2022-11-24T10:21:10","date_gmt":"2022-11-24T09:21:10","guid":{"rendered":"https:\/\/viviflorch.agencyxstage.com\/declaration-de-confidentialite\/"},"modified":"2022-11-25T17:23:25","modified_gmt":"2022-11-25T16:23:25","slug":"declaration-de-confidentialite","status":"publish","type":"page","link":"https:\/\/viviflorch.agencyxstage.com\/fr\/declaration-de-confidentialite\/","title":{"rendered":"Politique de confidentialit\u00e9"},"content":{"rendered":"\n<h2 class=\"wp-block-heading\">Qui sommes-nous ?<\/h2>\n\n<p><strong class=\"privacy-policy-tutorial\">Texte propos\u00e9 : <\/strong>L&#8217;adresse de notre site web est : https:\/\/viviflor.luiselaufer.design.<\/p>\n\n<h2 class=\"wp-block-heading\">Commentaires<\/h2>\n\n<p><strong class=\"privacy-policy-tutorial\">Suggestion de texte : <\/strong>lorsque les visiteurs \u00e9crivent des commentaires sur le site, nous collectons les donn\u00e9es affich\u00e9es dans le formulaire de commentaire, ainsi que l&#8217;adresse IP du visiteur et la cha\u00eene de l&#8217;agent utilisateur (qui permet d&#8217;identifier le navigateur) afin d&#8217;aider \u00e0 la d\u00e9tection des spams.<\/p>\n\n<p>Une cha\u00eene de caract\u00e8res anonymis\u00e9e (\u00e9galement appel\u00e9e hash) peut \u00eatre cr\u00e9\u00e9e \u00e0 partir de votre adresse e-mail et transmise au service Gravatar afin de v\u00e9rifier si vous l&#8217;utilisez. Vous trouverez la d\u00e9claration de confidentialit\u00e9 du service Gravatar ici : https:\/\/automattic.com\/privacy\/. Une fois votre commentaire valid\u00e9, votre photo de profil est visible publiquement dans le contexte de votre commentaire.<\/p>\n\n<h2 class=\"wp-block-heading\">M\u00e9dias<\/h2>\n\n<p><strong class=\"privacy-policy-tutorial\">Suggestion de texte : <\/strong>si vous \u00eates un utilisateur enregistr\u00e9 et que vous t\u00e9l\u00e9chargez des photos sur ce site, vous devriez \u00e9viter de t\u00e9l\u00e9charger des photos avec une localisation EXIF-GPS. Les visiteurs de ce site pourraient t\u00e9l\u00e9charger des photos stock\u00e9es sur ce site et en extraire des informations sur leur localisation.<\/p>\n\n<h2 class=\"wp-block-heading\">Cookies<\/h2>\n\n<p><strong class=\"privacy-policy-tutorial\">Suggestion de texte : <\/strong>si vous \u00e9crivez un commentaire sur notre site web, cela peut constituer un consentement pour que votre nom, votre adresse e-mail et votre site web soient enregistr\u00e9s dans des cookies. Il s&#8217;agit d&#8217;une fonction de confort qui vous \u00e9vite de devoir saisir \u00e0 nouveau toutes ces donn\u00e9es lorsque vous \u00e9crivez un autre commentaire. Ces cookies sont conserv\u00e9s pendant un an.<\/p>\n\n<p>Si vous avez un compte et que vous vous connectez \u00e0 ce site, nous placerons un cookie temporaire afin de d\u00e9terminer si votre navigateur accepte les cookies. Ce cookie ne contient aucune donn\u00e9e personnelle et est supprim\u00e9 lorsque vous fermez votre navigateur.<\/p>\n\n<p>Lorsque vous vous connectez, nous installons certains cookies pour enregistrer vos informations de connexion et vos options d&#8217;affichage. Les cookies de connexion expirent apr\u00e8s deux jours et les cookies des options d&#8217;affichage apr\u00e8s un an. Si vous s\u00e9lectionnez &#8220;Rester connect\u00e9&#8221; lors de votre inscription, votre inscription sera maintenue pendant deux semaines. Lorsque vous vous d\u00e9connectez de votre compte, les cookies de connexion sont supprim\u00e9s.<\/p>\n\n<p>Lorsque vous modifiez ou publiez un article, un cookie suppl\u00e9mentaire est enregistr\u00e9 dans votre navigateur. Ce cookie ne contient pas de donn\u00e9es \u00e0 caract\u00e8re personnel et renvoie uniquement \u00e0 l&#8217;identifiant de l&#8217;article que vous venez de modifier. Le cookie expire au bout d&#8217;un jour.<\/p>\n\n<h2 class=\"wp-block-heading\">Contenu int\u00e9gr\u00e9 d&#8217;autres sites web<\/h2>\n\n<p><strong class=\"privacy-policy-tutorial\">Texte propos\u00e9 : <\/strong>les contributions sur ce site web peuvent contenir des contenus int\u00e9gr\u00e9s (par ex. vid\u00e9os, images, contributions, etc.). Les contenus int\u00e9gr\u00e9s d&#8217;autres sites web se comportent exactement comme si le visiteur avait visit\u00e9 l&#8217;autre site web.<\/p>\n\n<p>Ces sites peuvent collecter des donn\u00e9es vous concernant, utiliser des cookies, int\u00e9grer des services de suivi suppl\u00e9mentaires de tiers et enregistrer votre interaction avec ce contenu int\u00e9gr\u00e9, y compris votre interaction avec le contenu int\u00e9gr\u00e9 si vous avez un compte et \u00eates connect\u00e9 \u00e0 ce site.<\/p>\n\n<h2 class=\"wp-block-heading\">Avec qui nous partageons vos donn\u00e9es<\/h2>\n\n<p><strong class=\"privacy-policy-tutorial\">Texte propos\u00e9 : <\/strong>si vous demandez une r\u00e9initialisation du mot de passe, votre adresse IP sera incluse dans l&#8217;e-mail de r\u00e9initialisation.<\/p>\n\n<h2 class=\"wp-block-heading\">Combien de temps nous conservons vos donn\u00e9es<\/h2>\n\n<p><strong class=\"privacy-policy-tutorial\">Suggestion de texte : <\/strong>lorsque vous \u00e9crivez un commentaire, celui-ci est enregistr\u00e9 pour une dur\u00e9e illimit\u00e9e, y compris les m\u00e9tadonn\u00e9es. De cette mani\u00e8re, nous pouvons d\u00e9tecter et valider automatiquement les commentaires de suivi au lieu de les garder dans une file d&#8217;attente de mod\u00e9ration.<\/p>\n\n<p>Pour les utilisateurs qui s&#8217;inscrivent sur notre site, nous enregistrons en outre les informations personnelles qu&#8217;ils fournissent dans leur profil d&#8217;utilisateur. Tous les utilisateurs peuvent \u00e0 tout moment consulter, modifier ou supprimer leurs informations personnelles (le nom d&#8217;utilisateur ne peut pas \u00eatre modifi\u00e9). Les administrateurs du site peuvent \u00e9galement consulter et modifier ces informations.<\/p>\n\n<h2 class=\"wp-block-heading\">Quels sont vos droits sur vos donn\u00e9es ?<\/h2>\n\n<p><strong class=\"privacy-policy-tutorial\">Texte propos\u00e9 : <\/strong>si vous avez un compte sur ce site ou si vous avez \u00e9crit des commentaires, vous pouvez nous demander d&#8217;exporter vos donn\u00e9es personnelles, y compris toutes les donn\u00e9es que vous nous avez fournies. En outre, vous pouvez demander la suppression de toutes les donn\u00e9es personnelles que nous d\u00e9tenons \u00e0 votre sujet. Cela ne comprend pas les donn\u00e9es que nous devons conserver en raison de n\u00e9cessit\u00e9s administratives, juridiques ou de s\u00e9curit\u00e9.<\/p>\n\n<h2 class=\"wp-block-heading\">O\u00f9 vos donn\u00e9es sont envoy\u00e9es<\/h2>\n\n<p><strong class=\"privacy-policy-tutorial\">Texte propos\u00e9 : <\/strong>les commentaires des visiteurs pourraient \u00eatre examin\u00e9s par un service automatis\u00e9 de d\u00e9tection des spams.<\/p>\n","protected":false},"excerpt":{"rendered":"<p>Qui sommes-nous ? Texte propos\u00e9 : L&#8217;adresse de notre site web est : https:\/\/viviflor.luiselaufer.design. Commentaires Suggestion de texte : lorsque les visiteurs \u00e9crivent des commentaires sur le site, nous collectons les donn\u00e9es affich\u00e9es dans le formulaire de commentaire, ainsi que l&#8217;adresse IP du visiteur et la cha\u00eene de l&#8217;agent utilisateur (qui permet d&#8217;identifier le navigateur) [&hellip;]<\/p>\n","protected":false},"author":1,"featured_media":0,"parent":0,"menu_order":0,"comment_status":"closed","ping_status":"open","template":"","meta":{"nf_dc_page":"","footnotes":""},"class_list":["post-131","page","type-page","status-publish","hentry"],"jetpack_sharing_enabled":true,"_links":{"self":[{"href":"https:\/\/viviflorch.agencyxstage.com\/fr\/wp-json\/wp\/v2\/pages\/131","targetHints":{"allow":["GET"]}}],"collection":[{"href":"https:\/\/viviflorch.agencyxstage.com\/fr\/wp-json\/wp\/v2\/pages"}],"about":[{"href":"https:\/\/viviflorch.agencyxstage.com\/fr\/wp-json\/wp\/v2\/types\/page"}],"author":[{"embeddable":true,"href":"https:\/\/viviflorch.agencyxstage.com\/fr\/wp-json\/wp\/v2\/users\/1"}],"replies":[{"embeddable":true,"href":"https:\/\/viviflorch.agencyxstage.com\/fr\/wp-json\/wp\/v2\/comments?post=131"}],"version-history":[{"count":0,"href":"https:\/\/viviflorch.agencyxstage.com\/fr\/wp-json\/wp\/v2\/pages\/131\/revisions"}],"wp:attachment":[{"href":"https:\/\/viviflorch.agencyxstage.com\/fr\/wp-json\/wp\/v2\/media?parent=131"}],"curies":[{"name":"wp","href":"https:\/\/api.w.org\/{rel}","templated":true}]}}